
{"id":5505,"date":"2025-11-05T10:12:30","date_gmt":"2025-11-05T13:12:30","guid":{"rendered":"https:\/\/ucbpower.alpdev.com.br\/?post_type=product&#038;p=5505"},"modified":"2025-11-05T10:13:14","modified_gmt":"2025-11-05T13:13:14","slug":"unipower-slim-4500w-9-6kwh","status":"publish","type":"product","link":"https:\/\/ucbpower.alpdev.com.br\/en\/produto\/unipower-slim-4500w-9-6kwh\/","title":{"rendered":"Unipower Slim \u2013 4500W 9.6kWh"},"content":{"rendered":"<p>Unipower Slim 4500W 9.6kWh<br \/>\nsolu\u00e7\u00e3o integrada com inversor off-grid e baterias de l\u00edtio.<\/p>\n","protected":false},"excerpt":{"rendered":"<p>Unipower Slim 4500W 9.6kWh solu\u00e7\u00e3o integrada com inversor off-grid e baterias de l\u00edtio.<\/p>\n","protected":false},"featured_media":5502,"comment_status":"open","ping_status":"closed","template":"","meta":{"inline_featured_image":false},"product_brand":[],"product_cat":[15],"product_tag":[],"class_list":{"0":"post-5505","1":"product","2":"type-product","3":"status-publish","4":"has-post-thumbnail","6":"product_cat-baterias-tracionarias","8":"first","9":"instock","10":"virtual","11":"product-type-simple"},"_links":{"self":[{"href":"https:\/\/ucbpower.alpdev.com.br\/en\/wp-json\/wp\/v2\/product\/5505","targetHints":{"allow":["GET"]}}],"collection":[{"href":"https:\/\/ucbpower.alpdev.com.br\/en\/wp-json\/wp\/v2\/product"}],"about":[{"href":"https:\/\/ucbpower.alpdev.com.br\/en\/wp-json\/wp\/v2\/types\/product"}],"replies":[{"embeddable":true,"href":"https:\/\/ucbpower.alpdev.com.br\/en\/wp-json\/wp\/v2\/comments?post=5505"}],"wp:featuredmedia":[{"embeddable":true,"href":"https:\/\/ucbpower.alpdev.com.br\/en\/wp-json\/wp\/v2\/media\/5502"}],"wp:attachment":[{"href":"https:\/\/ucbpower.alpdev.com.br\/en\/wp-json\/wp\/v2\/media?parent=5505"}],"wp:term":[{"taxonomy":"product_brand","embeddable":true,"href":"https:\/\/ucbpower.alpdev.com.br\/en\/wp-json\/wp\/v2\/product_brand?post=5505"},{"taxonomy":"product_cat","embeddable":true,"href":"https:\/\/ucbpower.alpdev.com.br\/en\/wp-json\/wp\/v2\/product_cat?post=5505"},{"taxonomy":"product_tag","embeddable":true,"href":"https:\/\/ucbpower.alpdev.com.br\/en\/wp-json\/wp\/v2\/product_tag?post=5505"}],"curies":[{"name":"wp","href":"https:\/\/api.w.org\/{rel}","templated":true}]}}