
{"id":5510,"date":"2025-11-05T10:14:22","date_gmt":"2025-11-05T13:14:22","guid":{"rendered":"https:\/\/ucbpower.alpdev.com.br\/?post_type=product&#038;p=5510"},"modified":"2025-11-05T10:14:37","modified_gmt":"2025-11-05T13:14:37","slug":"unipower-slim-5000w-4-8kwh","status":"publish","type":"product","link":"https:\/\/ucbpower.alpdev.com.br\/en\/produto\/unipower-slim-5000w-4-8kwh\/","title":{"rendered":"Unipower Slim \u2013 5000W 4.8kWh"},"content":{"rendered":"<p>Unipower Slim 5000W 4.8kWh<br \/>\nsolu\u00e7\u00e3o integrada com inversor off-grid e baterias de l\u00edtio.<\/p>\n","protected":false},"excerpt":{"rendered":"<p>Unipower Slim 5000W 4.8kWh solu\u00e7\u00e3o integrada com inversor off-grid e baterias de l\u00edtio.<\/p>\n","protected":false},"featured_media":5508,"comment_status":"open","ping_status":"closed","template":"","meta":{"inline_featured_image":false},"product_brand":[],"product_cat":[15],"product_tag":[],"class_list":{"0":"post-5510","1":"product","2":"type-product","3":"status-publish","4":"has-post-thumbnail","6":"product_cat-baterias-tracionarias","8":"first","9":"instock","10":"virtual","11":"product-type-simple"},"_links":{"self":[{"href":"https:\/\/ucbpower.alpdev.com.br\/en\/wp-json\/wp\/v2\/product\/5510","targetHints":{"allow":["GET"]}}],"collection":[{"href":"https:\/\/ucbpower.alpdev.com.br\/en\/wp-json\/wp\/v2\/product"}],"about":[{"href":"https:\/\/ucbpower.alpdev.com.br\/en\/wp-json\/wp\/v2\/types\/product"}],"replies":[{"embeddable":true,"href":"https:\/\/ucbpower.alpdev.com.br\/en\/wp-json\/wp\/v2\/comments?post=5510"}],"wp:featuredmedia":[{"embeddable":true,"href":"https:\/\/ucbpower.alpdev.com.br\/en\/wp-json\/wp\/v2\/media\/5508"}],"wp:attachment":[{"href":"https:\/\/ucbpower.alpdev.com.br\/en\/wp-json\/wp\/v2\/media?parent=5510"}],"wp:term":[{"taxonomy":"product_brand","embeddable":true,"href":"https:\/\/ucbpower.alpdev.com.br\/en\/wp-json\/wp\/v2\/product_brand?post=5510"},{"taxonomy":"product_cat","embeddable":true,"href":"https:\/\/ucbpower.alpdev.com.br\/en\/wp-json\/wp\/v2\/product_cat?post=5510"},{"taxonomy":"product_tag","embeddable":true,"href":"https:\/\/ucbpower.alpdev.com.br\/en\/wp-json\/wp\/v2\/product_tag?post=5510"}],"curies":[{"name":"wp","href":"https:\/\/api.w.org\/{rel}","templated":true}]}}